{"id":8188,"date":"2024-05-08T12:06:11","date_gmt":"2024-05-08T10:06:11","guid":{"rendered":"https:\/\/mhli.net\/hezkuntza-eta-memoria\/"},"modified":"2025-02-06T10:31:05","modified_gmt":"2025-02-06T09:31:05","slug":"hezkuntza-eta-memoria","status":"publish","type":"page","link":"https:\/\/mhli.net\/es\/hezkuntza-eta-memoria\/","title":{"rendered":"Memoria del Arte y Arte de la Memoria en la educaci\u00f3n"},"content":{"rendered":"\n<p>En esta traves\u00eda a la memoria y los conflictos sociales vascos que ha realizado el grupo de investigaci\u00f3n de la Memoria Hist\u00f3rica en las Literaturas Ib\u00e9ricas (MHLI), pretendemos presentar una innovaci\u00f3n pedag\u00f3gica que toma las artes como pr\u00e1ctica y base para trabajar los conflictos pol\u00edticos armados y sociales: <em>Memoriaren Artea eta Artearen Memoria hezkuntzan<\/em>. El objetivo principal ha sido crear una propuesta did\u00e1ctica tomando la literatura y las otras artes como base y camino, con el fin de acercar a la gente joven conflictos que han tenido una profunda influencia en Euskal Herria a lo largo del siglo XX.<\/p>\n\n\n\n<p>Para ello, en un principio hemos identificado las necesidades de la educaci\u00f3n vasca y nos hemos puesto en contacto con investigadores, artistas y profesionales de la educaci\u00f3n del \u00e1rea de la memoria hist\u00f3rica. Despu\u00e9s hemos dise\u00f1ado la propuesta con la asesor\u00eda de profesionales de pr\u00e1cticas art\u00edsticas y, finalmente, la hemos pilotado en Errenteriako Herri Arte Eskola.<\/p>\n","protected":false},"excerpt":{"rendered":"<p>En esta traves\u00eda a la memoria y los conflictos sociales vascos que ha realizado el grupo de investigaci\u00f3n de la Memoria Hist\u00f3rica en las Literaturas Ib\u00e9ricas (MHLI), pretendemos presentar una innovaci\u00f3n pedag\u00f3gica que toma las artes como pr\u00e1ctica y base para trabajar los conflictos pol\u00edticos armados y sociales: Memoriaren Artea eta Artearen Memoria hezkuntzan. El [&hellip;]<\/p>\n","protected":false},"author":1,"featured_media":8152,"parent":0,"menu_order":0,"comment_status":"closed","ping_status":"closed","template":"pages\/template-hezkuntzaetamemoria.php","meta":{"_acf_changed":false,"footnotes":""},"class_list":["post-8188","page","type-page","status-publish","has-post-thumbnail","hentry"],"acf":[],"_links":{"self":[{"href":"https:\/\/mhli.net\/es\/wp-json\/wp\/v2\/pages\/8188","targetHints":{"allow":["GET"]}}],"collection":[{"href":"https:\/\/mhli.net\/es\/wp-json\/wp\/v2\/pages"}],"about":[{"href":"https:\/\/mhli.net\/es\/wp-json\/wp\/v2\/types\/page"}],"author":[{"embeddable":true,"href":"https:\/\/mhli.net\/es\/wp-json\/wp\/v2\/users\/1"}],"replies":[{"embeddable":true,"href":"https:\/\/mhli.net\/es\/wp-json\/wp\/v2\/comments?post=8188"}],"version-history":[{"count":17,"href":"https:\/\/mhli.net\/es\/wp-json\/wp\/v2\/pages\/8188\/revisions"}],"predecessor-version":[{"id":9875,"href":"https:\/\/mhli.net\/es\/wp-json\/wp\/v2\/pages\/8188\/revisions\/9875"}],"wp:featuredmedia":[{"embeddable":true,"href":"https:\/\/mhli.net\/es\/wp-json\/wp\/v2\/media\/8152"}],"wp:attachment":[{"href":"https:\/\/mhli.net\/es\/wp-json\/wp\/v2\/media?parent=8188"}],"curies":[{"name":"wp","href":"https:\/\/api.w.org\/{rel}","templated":true}]}}